{"id":5351,"date":"2024-02-23T10:34:32","date_gmt":"2024-02-23T10:34:32","guid":{"rendered":"https:\/\/snowfall.centralmediacsoport.hu\/hazipatika\/?page_id=5351"},"modified":"2024-03-06T10:01:10","modified_gmt":"2024-03-06T10:01:10","slug":"mennyire-vagy-tudatos-jo-kutyatarto","status":"publish","type":"page","link":"https:\/\/snowfall.centralmediacsoport.hu\/hazipatika\/mennyire-vagy-tudatos-jo-kutyatarto\/","title":{"rendered":"Mennyire vagy tudatos, j\u00f3 kutyatart\u00f3?"},"content":{"rendered":"\t\t<div data-elementor-type=\"wp-page\" data-elementor-id=\"5351\" class=\"elementor elementor-5351\">\n\t\t\t\t\t\t\t\t\t<section class=\"elementor-section elementor-top-section elementor-element elementor-element-a1537f8 elementor-hidden-mobile elementor-section-full_width elementor-section-height-default elementor-section-height-default\" data-id=\"a1537f8\" data-element_type=\"section\" data-settings=\"{&quot;background_background&quot;:&quot;classic&quot;}\" data-e-bg-lazyload=\"\">\n\t\t\t\t\t\t<div class=\"elementor-container elementor-column-gap-default\">\n\t\t\t\t\t<div class=\"elementor-column elementor-col-100 elementor-top-column elementor-element elementor-element-e615570\" data-id=\"e615570\" data-element_type=\"column\">\n\t\t\t<div class=\"elementor-widget-wrap elementor-element-populated\">\n\t\t\t\t\t\t\t\t<section class=\"elementor-section elementor-inner-section elementor-element elementor-element-d03028e elementor-section-boxed elementor-section-height-default elementor-section-height-default\" data-id=\"d03028e\" data-element_type=\"section\">\n\t\t\t\t\t\t<div class=\"elementor-container elementor-column-gap-default\">\n\t\t\t\t\t<div class=\"elementor-column elementor-col-100 elementor-inner-column elementor-element elementor-element-9439031\" data-id=\"9439031\" data-element_type=\"column\">\n\t\t\t<div class=\"elementor-widget-wrap\">\n\t\t\t\t\t\t\t\t\t<\/div>\n\t\t<\/div>\n\t\t\t\t\t\t\t<\/div>\n\t\t<\/section>\n\t\t\t\t<section class=\"elementor-section elementor-inner-section elementor-element elementor-element-9e40d64 elementor-section-full_width elementor-section-height-default elementor-section-height-default\" data-id=\"9e40d64\" data-element_type=\"section\">\n\t\t\t\t\t\t<div class=\"elementor-container elementor-column-gap-default\">\n\t\t\t\t\t<div class=\"elementor-column elementor-col-50 elementor-inner-column elementor-element elementor-element-25935c8\" data-id=\"25935c8\" data-element_type=\"column\">\n\t\t\t<div class=\"elementor-widget-wrap elementor-element-populated\">\n\t\t\t\t\t\t\t\t<div class=\"elementor-element elementor-element-7361586 elementor-widget elementor-widget-image\" data-id=\"7361586\" data-element_type=\"widget\" data-widget_type=\"image.default\">\n\t\t\t\t<div class=\"elementor-widget-container\">\n\t\t\t<style>\/*! elementor - v3.13.3 - 22-05-2023 *\/\n.elementor-widget-image{text-align:center}.elementor-widget-image a{display:inline-block}.elementor-widget-image a img[src$=\".svg\"]{width:48px}.elementor-widget-image img{vertical-align:middle;display:inline-block}<\/style>\t\t\t\t\t\t\t\t\t\t\t\t<img decoding=\"async\" width=\"197\" height=\"40\" src=\"https:\/\/snowfall.centralmediacsoport.hu\/uploads\/sites\/5\/2022\/12\/HP_logo_new.png\" class=\"attachment-large size-large wp-image-2912\" alt=\"\" loading=\"lazy\" sizes=\"(max-width: 34.9rem) calc(100vw - 2rem), (max-width: 53rem) calc(8 * (100vw \/ 12)), (min-width: 53rem) calc(6 * (100vw \/ 12)), 100vw\" \/>\t\t\t\t\t\t\t\t\t\t\t\t\t\t\t<\/div>\n\t\t\t\t<\/div>\n\t\t\t\t\t<\/div>\n\t\t<\/div>\n\t\t\t\t<div class=\"elementor-column elementor-col-50 elementor-inner-column elementor-element elementor-element-339b744\" data-id=\"339b744\" data-element_type=\"column\">\n\t\t\t<div class=\"elementor-widget-wrap elementor-element-populated\">\n\t\t\t\t\t\t\t\t<div class=\"elementor-element elementor-element-17d8547 elementor-widget__width-initial elementor-widget elementor-widget-image\" data-id=\"17d8547\" data-element_type=\"widget\" data-widget_type=\"image.default\">\n\t\t\t\t<div class=\"elementor-widget-container\">\n\t\t\t\t\t\t\t\t\t\t\t\t\t\t\t<img decoding=\"async\" width=\"152\" height=\"76\" src=\"https:\/\/snowfall.centralmediacsoport.hu\/uploads\/sites\/5\/2023\/03\/Layer_1-2.png\" class=\"attachment-large size-large wp-image-3808\" alt=\"\" loading=\"lazy\" srcset=\"https:\/\/snowfall.centralmediacsoport.hu\/uploads\/sites\/5\/2023\/03\/Layer_1-2.png 152w, https:\/\/snowfall.centralmediacsoport.hu\/uploads\/sites\/5\/2023\/03\/Layer_1-2-150x76.png 150w\" sizes=\"(max-width: 34.9rem) calc(100vw - 2rem), (max-width: 53rem) calc(8 * (100vw \/ 12)), (min-width: 53rem) calc(6 * (100vw \/ 12)), 100vw\" \/>\t\t\t\t\t\t\t\t\t\t\t\t\t\t\t<\/div>\n\t\t\t\t<\/div>\n\t\t\t\t\t<\/div>\n\t\t<\/div>\n\t\t\t\t\t\t\t<\/div>\n\t\t<\/section>\n\t\t\t\t<section class=\"elementor-section elementor-inner-section elementor-element elementor-element-5e39d47 elementor-section-full_width elementor-section-height-default elementor-section-height-default\" data-id=\"5e39d47\" data-element_type=\"section\" data-settings=\"{&quot;background_background&quot;:&quot;classic&quot;}\">\n\t\t\t\t\t\t<div class=\"elementor-container elementor-column-gap-default\">\n\t\t\t\t\t<div class=\"elementor-column elementor-col-50 elementor-inner-column elementor-element elementor-element-d4be287\" data-id=\"d4be287\" data-element_type=\"column\">\n\t\t\t<div class=\"elementor-widget-wrap\">\n\t\t\t\t\t\t\t\t\t<\/div>\n\t\t<\/div>\n\t\t\t\t<div class=\"elementor-column elementor-col-50 elementor-inner-column elementor-element elementor-element-009ff28\" data-id=\"009ff28\" data-element_type=\"column\" data-settings=\"{&quot;background_background&quot;:&quot;classic&quot;}\">\n\t\t\t<div class=\"elementor-widget-wrap elementor-element-populated\">\n\t\t\t\t\t\t\t\t<div class=\"elementor-element elementor-element-e16fa7e elementor-widget__width-initial elementor-widget elementor-widget-text-editor\" data-id=\"e16fa7e\" data-element_type=\"widget\" data-widget_type=\"text-editor.default\">\n\t\t\t\t<div class=\"elementor-widget-container\">\n\t\t\t<style>\/*! elementor - v3.13.3 - 22-05-2023 *\/\n.elementor-widget-text-editor.elementor-drop-cap-view-stacked .elementor-drop-cap{background-color:#69727d;color:#fff}.elementor-widget-text-editor.elementor-drop-cap-view-framed .elementor-drop-cap{color:#69727d;border:3px solid;background-color:transparent}.elementor-widget-text-editor:not(.elementor-drop-cap-view-default) .elementor-drop-cap{margin-top:8px}.elementor-widget-text-editor:not(.elementor-drop-cap-view-default) .elementor-drop-cap-letter{width:1em;height:1em}.elementor-widget-text-editor .elementor-drop-cap{float:left;text-align:center;line-height:1;font-size:50px}.elementor-widget-text-editor .elementor-drop-cap-letter{display:inline-block}<\/style>\t\t\t\t<p>Mennyire vagy tudatos, j\u00f3 kutyatart\u00f3?<\/p>\t\t\t\t\t\t<\/div>\n\t\t\t\t<\/div>\n\t\t\t\t<div class=\"elementor-element elementor-element-2b1ca4c elementor-widget elementor-widget-html\" data-id=\"2b1ca4c\" data-element_type=\"widget\" data-widget_type=\"html.default\">\n\t\t\t\t<div class=\"elementor-widget-container\">\n\t\t\t\r\n<button data-tf-popup=\"QSeklvHj\" data-tf-iframe-props=\"title=Mennyire vagy j\u00f3 gazdi? Der\u00edtsd ki!\" data-tf-medium=\"snippet\" style=\"all:unset;font-family:Roboto,Arial,sans-serif;display:inline-block;max-width:100%;white-space:nowrap;overflow:hidden;text-overflow:ellipsis;background-color:#FFFFFF;color:#0071CE;font-size:20px;padding:0 38px;font-weight:bold;height:60px;cursor:pointer;line-height:23,44px;text-align:center;margin:0;text-decoration:none;\">KV\u00cdZ IND\u00cdT\u00c1SA<\/button><script src=\"\/\/embed.typeform.com\/next\/embed.js\"><\/script>\r\n\t\t<\/div>\n\t\t\t\t<\/div>\n\t\t\t\t\t<\/div>\n\t\t<\/div>\n\t\t\t\t\t\t\t<\/div>\n\t\t<\/section>\n\t\t\t\t\t<\/div>\n\t\t<\/div>\n\t\t\t\t\t\t\t<\/div>\n\t\t<\/section>\n\t\t\t\t<section class=\"elementor-section elementor-top-section elementor-element elementor-element-784fb9f elementor-section-boxed elementor-section-height-default elementor-section-height-default\" data-id=\"784fb9f\" data-element_type=\"section\" data-settings=\"{&quot;background_background&quot;:&quot;classic&quot;}\">\n\t\t\t\t\t\t<div class=\"elementor-container elementor-column-gap-default\">\n\t\t\t\t\t<div class=\"elementor-column elementor-col-100 elementor-top-column elementor-element elementor-element-b0b16ff\" data-id=\"b0b16ff\" data-element_type=\"column\">\n\t\t\t<div class=\"elementor-widget-wrap elementor-element-populated\">\n\t\t\t\t\t\t\t\t<div class=\"elementor-element elementor-element-5d42bc6 elementor-hidden-mobile elementor-widget elementor-widget-text-editor\" data-id=\"5d42bc6\" data-element_type=\"widget\" data-widget_type=\"text-editor.default\">\n\t\t\t\t<div class=\"elementor-widget-container\">\n\t\t\t\t\t\t\t<p><strong>Az Elanco \u00e9s az \u00e1tl\u00f3s s\u00e1v v\u00e9djegyek, melyek az Elanco vagy le\u00e1nyv\u00e1llalatainak birtok\u00e1ban vannak. \u00a9 2024 Elanco. EM-HU-24-0016.<\/strong><\/p>\t\t\t\t\t\t<\/div>\n\t\t\t\t<\/div>\n\t\t\t\t\t<\/div>\n\t\t<\/div>\n\t\t\t\t\t\t\t<\/div>\n\t\t<\/section>\n\t\t\t\t<section class=\"elementor-section elementor-top-section elementor-element elementor-element-8f0ed48 elementor-hidden-desktop elementor-section-full_width elementor-section-height-default elementor-section-height-default\" data-id=\"8f0ed48\" data-element_type=\"section\" data-settings=\"{&quot;background_background&quot;:&quot;classic&quot;}\">\n\t\t\t\t\t\t<div class=\"elementor-container elementor-column-gap-default\">\n\t\t\t\t\t<div class=\"elementor-column elementor-col-50 elementor-top-column elementor-element elementor-element-14ef8b4\" data-id=\"14ef8b4\" data-element_type=\"column\">\n\t\t\t<div class=\"elementor-widget-wrap elementor-element-populated\">\n\t\t\t\t\t\t\t\t<div class=\"elementor-element elementor-element-2e9779d elementor-widget elementor-widget-image\" data-id=\"2e9779d\" data-element_type=\"widget\" data-widget_type=\"image.default\">\n\t\t\t\t<div class=\"elementor-widget-container\">\n\t\t\t\t\t\t\t\t\t\t\t\t\t\t\t<img decoding=\"async\" width=\"197\" height=\"40\" src=\"https:\/\/snowfall.centralmediacsoport.hu\/uploads\/sites\/5\/2022\/12\/HP_logo_new.png\" class=\"attachment-medium size-medium wp-image-2912\" alt=\"\" loading=\"lazy\" sizes=\"(max-width: 34.9rem) calc(100vw - 2rem), (max-width: 53rem) calc(8 * (100vw \/ 12)), (min-width: 53rem) calc(6 * (100vw \/ 12)), 100vw\" \/>\t\t\t\t\t\t\t\t\t\t\t\t\t\t\t<\/div>\n\t\t\t\t<\/div>\n\t\t\t\t<div class=\"elementor-element elementor-element-2ac33e0 elementor-widget elementor-widget-image\" data-id=\"2ac33e0\" data-element_type=\"widget\" data-widget_type=\"image.default\">\n\t\t\t\t<div class=\"elementor-widget-container\">\n\t\t\t\t\t\t\t\t\t\t\t\t\t\t\t<img decoding=\"async\" width=\"72\" height=\"48\" src=\"https:\/\/snowfall.centralmediacsoport.hu\/uploads\/sites\/5\/2024\/02\/Elanco_Logo_72x48px.png\" class=\"attachment-large size-large wp-image-5352\" alt=\"\" loading=\"lazy\" sizes=\"(max-width: 34.9rem) calc(100vw - 2rem), (max-width: 53rem) calc(8 * (100vw \/ 12)), (min-width: 53rem) calc(6 * (100vw \/ 12)), 100vw\" \/>\t\t\t\t\t\t\t\t\t\t\t\t\t\t\t<\/div>\n\t\t\t\t<\/div>\n\t\t\t\t\t<\/div>\n\t\t<\/div>\n\t\t\t\t<div class=\"elementor-column elementor-col-50 elementor-top-column elementor-element elementor-element-248b793\" data-id=\"248b793\" data-element_type=\"column\">\n\t\t\t<div class=\"elementor-widget-wrap\">\n\t\t\t\t\t\t\t\t\t<\/div>\n\t\t<\/div>\n\t\t\t\t\t\t\t<\/div>\n\t\t<\/section>\n\t\t\t\t<section class=\"elementor-section elementor-top-section elementor-element elementor-element-728f620 elementor-hidden-desktop elementor-section-full_width elementor-section-height-default elementor-section-height-default\" data-id=\"728f620\" data-element_type=\"section\" data-settings=\"{&quot;background_background&quot;:&quot;classic&quot;}\">\n\t\t\t\t\t\t<div class=\"elementor-container elementor-column-gap-default\">\n\t\t\t\t\t<div class=\"elementor-column elementor-col-100 elementor-top-column elementor-element elementor-element-2eed468\" data-id=\"2eed468\" data-element_type=\"column\">\n\t\t\t<div class=\"elementor-widget-wrap elementor-element-populated\">\n\t\t\t\t\t\t\t\t<div class=\"elementor-element elementor-element-d26003e elementor-widget elementor-widget-text-editor\" data-id=\"d26003e\" data-element_type=\"widget\" data-widget_type=\"text-editor.default\">\n\t\t\t\t<div class=\"elementor-widget-container\">\n\t\t\t\t\t\t\t<p>Mennyire vagy tudatos, j\u00f3 kutyatart\u00f3?<\/p>\t\t\t\t\t\t<\/div>\n\t\t\t\t<\/div>\n\t\t\t\t<div class=\"elementor-element elementor-element-3e960c9 elementor-widget elementor-widget-html\" data-id=\"3e960c9\" data-element_type=\"widget\" data-widget_type=\"html.default\">\n\t\t\t\t<div class=\"elementor-widget-container\">\n\t\t\t<button data-tf-popup=\"QSeklvHj\" data-tf-iframe-props=\"title=Mennyire vagy j\u00f3 gazdi? Der\u00edtsd ki!\" data-tf-medium=\"snippet\" style=\"all:unset;font-family:Roboto,Arial,sans-serif;display:inline-block;max-width:100%; background-color:#FFFFFF;color:#0071CE;font-size:16px;padding:15px 30px;font-weight:bold;height:30px;cursor:pointer;line-height:20,41px;text-align:center;margin:0;text-decoration:none;\">KV\u00cdZ IND\u00cdT\u00c1SA<\/button><script src=\"\/\/embed.typeform.com\/next\/embed.js\"><\/script>\t\t<\/div>\n\t\t\t\t<\/div>\n\t\t\t\t\t<\/div>\n\t\t<\/div>\n\t\t\t\t\t\t\t<\/div>\n\t\t<\/section>\n\t\t\t\t<section class=\"elementor-section elementor-top-section elementor-element elementor-element-8610f31 elementor-hidden-desktop elementor-section-boxed elementor-section-height-default elementor-section-height-default\" data-id=\"8610f31\" data-element_type=\"section\" data-settings=\"{&quot;background_background&quot;:&quot;classic&quot;}\">\n\t\t\t\t\t\t<div class=\"elementor-container elementor-column-gap-default\">\n\t\t\t\t\t<div class=\"elementor-column elementor-col-100 elementor-top-column elementor-element elementor-element-024f7d6\" data-id=\"024f7d6\" data-element_type=\"column\">\n\t\t\t<div class=\"elementor-widget-wrap elementor-element-populated\">\n\t\t\t\t\t\t\t\t<div class=\"elementor-element elementor-element-8d9be6e elementor-widget elementor-widget-text-editor\" data-id=\"8d9be6e\" data-element_type=\"widget\" data-widget_type=\"text-editor.default\">\n\t\t\t\t<div class=\"elementor-widget-container\">\n\t\t\t\t\t\t\t<p><strong>Az Elanco \u00e9s az \u00e1tl\u00f3s s\u00e1v v\u00e9djegyek, melyek az Elanco vagy le\u00e1nyv\u00e1llalatainak birtok\u00e1ban vannak. \u00a9 2024 Elanco. EM-HU-24-0016.<\/strong><\/p>\t\t\t\t\t\t<\/div>\n\t\t\t\t<\/div>\n\t\t\t\t\t<\/div>\n\t\t<\/div>\n\t\t\t\t\t\t\t<\/div>\n\t\t<\/section>\n\t\t\t\t\t\t\t<\/div>\n\t\t","protected":false},"excerpt":{"rendered":"<p>Mennyire vagy tudatos, j\u00f3 kutyatart\u00f3? KV\u00cdZ IND\u00cdT\u00c1SA Az Elanco \u00e9s az \u00e1tl\u00f3s s\u00e1v v\u00e9djegyek, melyek az Elanco vagy le\u00e1nyv\u00e1llalatainak birtok\u00e1ban vannak. \u00a9 2024 Elanco. EM-HU-24-0016. Mennyire vagy tudatos, j\u00f3 kutyatart\u00f3? KV\u00cdZ IND\u00cdT\u00c1SA Az Elanco \u00e9s az \u00e1tl\u00f3s s\u00e1v v\u00e9djegyek, melyek az Elanco vagy le\u00e1nyv\u00e1llalatainak birtok\u00e1ban vannak. \u00a9 2024 Elanco. EM-HU-24-0016.<\/p>\n","protected":false},"author":23,"featured_media":0,"parent":0,"menu_order":0,"comment_status":"closed","ping_status":"closed","template":"","meta":[],"acf":[],"aioseo_notices":[],"_links":{"self":[{"href":"https:\/\/snowfall.centralmediacsoport.hu\/hazipatika\/wp-json\/wp\/v2\/pages\/5351"}],"collection":[{"href":"https:\/\/snowfall.centralmediacsoport.hu\/hazipatika\/wp-json\/wp\/v2\/pages"}],"about":[{"href":"https:\/\/snowfall.centralmediacsoport.hu\/hazipatika\/wp-json\/wp\/v2\/types\/page"}],"author":[{"embeddable":true,"href":"https:\/\/snowfall.centralmediacsoport.hu\/hazipatika\/wp-json\/wp\/v2\/users\/23"}],"replies":[{"embeddable":true,"href":"https:\/\/snowfall.centralmediacsoport.hu\/hazipatika\/wp-json\/wp\/v2\/comments?post=5351"}],"version-history":[{"count":5,"href":"https:\/\/snowfall.centralmediacsoport.hu\/hazipatika\/wp-json\/wp\/v2\/pages\/5351\/revisions"}],"predecessor-version":[{"id":5603,"href":"https:\/\/snowfall.centralmediacsoport.hu\/hazipatika\/wp-json\/wp\/v2\/pages\/5351\/revisions\/5603"}],"wp:attachment":[{"href":"https:\/\/snowfall.centralmediacsoport.hu\/hazipatika\/wp-json\/wp\/v2\/media?parent=5351"}],"curies":[{"name":"wp","href":"https:\/\/api.w.org\/{rel}","templated":true}]}}